{"id":3051,"date":"2023-01-19T13:51:52","date_gmt":"2023-01-19T12:51:52","guid":{"rendered":"https:\/\/luwo-seal.de\/?page_id=3051"},"modified":"2025-01-31T09:57:04","modified_gmt":"2025-01-31T08:57:04","slug":"agb","status":"publish","type":"page","link":"https:\/\/luwo-seal.de\/en\/agb\/","title":{"rendered":"Terms and conditions"},"content":{"rendered":"<div data-elementor-type=\"wp-page\" data-elementor-id=\"3051\" class=\"elementor elementor-3051\">\n\t\t\t\t\t\t<section class=\"elementor-section elementor-top-section elementor-element elementor-element-cf8d7d7 elementor-section-boxed elementor-section-height-default elementor-section-height-default exad-glass-effect-no exad-sticky-section-no\" data-id=\"cf8d7d7\" data-element_type=\"section\">\n\t\t\t\t\t\t<div class=\"elementor-container elementor-column-gap-default\">\n\t\t\t\t\t<div class=\"elementor-column elementor-col-100 elementor-top-column elementor-element elementor-element-e632cc8 exad-glass-effect-no exad-sticky-section-no\" data-id=\"e632cc8\" data-element_type=\"column\">\n\t\t\t<div class=\"elementor-widget-wrap elementor-element-populated\">\n\t\t\t\t\t\t<div class=\"elementor-element elementor-element-aa20252 elementor-widget-mobile__width-auto elementor-widget__width-auto exad-sticky-section-no exad-glass-effect-no elementor-widget elementor-widget-heading\" data-id=\"aa20252\" data-element_type=\"widget\" data-settings=\"{&quot;_animation&quot;:&quot;none&quot;}\" data-widget_type=\"heading.default\">\n\t\t\t\t<div class=\"elementor-widget-container\">\n\t\t\t\t\t<h2 class=\"elementor-heading-title elementor-size-default\">General Terms and Conditions<\/h2>\t\t\t\t<\/div>\n\t\t\t\t<\/div>\n\t\t\t\t\t<\/div>\n\t\t<\/div>\n\t\t\t\t\t<\/div>\n\t\t<\/section>\n\t\t\t\t<section class=\"elementor-section elementor-top-section elementor-element elementor-element-912abb5 elementor-section-boxed elementor-section-height-default elementor-section-height-default exad-glass-effect-no exad-sticky-section-no\" data-id=\"912abb5\" data-element_type=\"section\">\n\t\t\t\t\t\t<div class=\"elementor-container elementor-column-gap-default\">\n\t\t\t\t\t<div class=\"elementor-column elementor-col-50 elementor-top-column elementor-element elementor-element-fd1822e exad-glass-effect-no exad-sticky-section-no\" data-id=\"fd1822e\" data-element_type=\"column\">\n\t\t\t<div class=\"elementor-widget-wrap elementor-element-populated\">\n\t\t\t\t\t\t<div class=\"elementor-element elementor-element-b4fdeec exad-sticky-section-no exad-glass-effect-no elementor-widget elementor-widget-text-editor\" data-id=\"b4fdeec\" data-element_type=\"widget\" data-widget_type=\"text-editor.default\">\n\t\t\t\t<div class=\"elementor-widget-container\">\n\t\t\t\t\t\t\t\t\t<p><b>Pr\u00e4ambel<br \/><\/b>Alle Lieferungen erfolgen grunds\u00e4tzlich nach unseren allgemeinen<br \/>Gesch\u00e4fts- und Lieferbedingungen. Abweichungen hiervon<br \/>bed\u00fcrfen der Schriftform.<\/p><p><b>1. Allgemeine Gesch\u00e4ftsbedingungen<\/b><br \/>Unsere Liefer- und Zahlungsbedingungen gelten f\u00fcr alle<br \/>gegenw\u00e4rtigen und zuk\u00fcnftigen Gesch\u00e4ftsbeziehungen zwischen<br \/>LUWO-SEAL GmbH (im folgenden Verk\u00e4ufer genannt)<br \/>und unseren Auftraggebern (im folgenden K\u00e4ufer genannt).<br \/>Sie sind Bestandteil jedes von uns geschlossenen Vertrages.<\/p><p><b>2. Angebote<\/b><br \/>a) Angebote sind 60 Tage g\u00fcltig.<br \/>b) Unsere Angebote sind freibleibend.<br \/>c) Preise sind ohne MwSt. oder sonstige Steuern angegeben.<br \/>d) Es gelten ausschlie\u00dflich unsere Gesch\u00e4ftsbedingungen.<br \/>Ein Widerspruch unsererseits gegen fremde Gesch\u00e4ftsbedingungen,<br \/>die von den unseren abweichen, ist nicht<br \/>erforderlich.<\/p><p><b>3. Bestellungen<\/b><br \/>a) Bestellungen bed\u00fcrfen grunds\u00e4tzlich der Schriftform. Bei<br \/>bestehenden Gesch\u00e4ftsbeziehungen werden auch m\u00fcndlich<br \/>erteilte Auftr\u00e4ge akzeptiert.<br \/>b) Die Bestellung ist f\u00fcr den K\u00e4ufer verbindlich. Sie gilt als angenommen,<br \/>wenn der Verk\u00e4ufer sie nicht innerhalb von drei<br \/>Wochen ausdr\u00fccklich ablehnt.<br \/>c) Dies gilt auch f\u00fcr Erg\u00e4nzungen und \u00c4nderungen.<br \/>d) Der Mindestauftragswert betr\u00e4gt 50,00 \u20ac. Wird dieser Betrag<br \/>nicht erreicht, so werden 12,50 \u20ac Mindermengenzuschlag<br \/>berechnet.<\/p><p><b>4. Lieferungen<\/b><br \/>a) Die Verpackung erfolgt zweckm\u00e4\u00dfig. Lieferungen erfolgen<br \/>auf Kosten und Gefahr des K\u00e4ufers.<br \/>b) Abweichungen bis 15% der Bestellmenge sind branchen\u00fcblich.<br \/>c) Befindet sich der K\u00e4ufer mit der Begleichung irgendeiner<br \/>Schuld aus der Gesch\u00e4ftsbeziehung mit uns im Verzug, so ist<br \/>der Verk\u00e4ufer f\u00fcr die Neubestellung zur Lieferung verpflichtet.<br \/>d) Unvorhersehbare Ereignisse, wie Arbeitsk\u00e4mpfe, Betriebsst\u00f6rung,<br \/>Feuer, hoheitliche Ma\u00dfnahmen, so wie Naturkatastrophen<br \/>und sonstige F\u00e4lle h\u00f6herer Gewalt, befreien uns f\u00fcr die<br \/>Dauer ihrer Auswirkungen von unserer Leistungspflicht. Eine<br \/>angemessene Lieferfristverl\u00e4ngerung tritt automatisch ein.<br \/>e) Unbeschadet der Bestimmung in Absatz d) berechtigt ein<br \/>Lieferverzug den K\u00e4ufer zum R\u00fccktritt oder zum Schadensersatz.<br \/>Eventueller Schadensersatz wegen Lieferverzug ist begrenzt<br \/>auf maximal 10% des Rechnungswertes ohne MwSt.<br \/>f) Schadensersatzanspr\u00fcche wegen versp\u00e4teter Lieferung, die<br \/>nicht auf Vorsatz oder grober Fahrl\u00e4ssigkeit beruhen, sind<br \/>ausgeschlossen.<\/p><p><b>5. Eigentumsvorbehalt und Urheberrecht<\/b><br \/>a) Die gelieferten Waren und Muster verbleiben bis zur vollst\u00e4ndigen<br \/>Bezahlung aller offenen Forderungen aus der<br \/>gesamten Gesch\u00e4ftsverbindung Eigentum des Verk\u00e4ufers.<br \/>Der K\u00e4ufer ist jedoch berechtigt, die Ware in handels\u00fcblicher<br \/>Weise zu nutzen und im Rahmen eines ordnungsgem\u00e4\u00dfen<br \/>Gesch\u00e4ftsbetriebes zu benutzen.<br \/>b) Der K\u00e4ufer ist nicht berechtigt, unbezahlte oder nur teilweise<br \/>bezahlte Waren zu verpf\u00e4nden oder zur Sicherung Dritten zu<br \/>\u00fcbereignen. Er ist verpflichtet, dritten Personen gegen\u00fcber<br \/>das Eigenturmrecht des Verk\u00e4ufers geltend zu machen und<br \/>diesen unverz\u00fcglich schriftlich in Kenntnis zu setzen, wenn<br \/>von dritter Seite Anspr\u00fcche auf die Ware erhoben werden<br \/>bzw. gegen ihn die Zwangsvollstreckung eingeleitet wird.<br \/>c) Der Verk\u00e4ufer hat das ausschlie\u00dfliche Urheberrecht an allen<br \/>von ihm gelieferten bzw. zur Verf\u00fcgung gestellten Waren,<br \/>Muster oder Bilddarstellungen. Dem K\u00e4ufer ist ausdr\u00fccklich<br \/>untersagt, hiervon Kopien anfertigen zu lassen. Er verpflichtet<br \/>sich ausdr\u00fccklich alles in seiner Macht stehende<br \/>zu unternehmen, um das Urheberrecht des Verk\u00e4ufers zu<br \/>gew\u00e4hrleisten.<\/p>\t\t\t\t\t\t\t\t<\/div>\n\t\t\t\t<\/div>\n\t\t\t\t\t<\/div>\n\t\t<\/div>\n\t\t\t\t<div class=\"elementor-column elementor-col-50 elementor-top-column elementor-element elementor-element-30d15d7 exad-glass-effect-no exad-sticky-section-no\" data-id=\"30d15d7\" data-element_type=\"column\">\n\t\t\t<div class=\"elementor-widget-wrap elementor-element-populated\">\n\t\t\t\t\t\t<div class=\"elementor-element elementor-element-67bb800 exad-sticky-section-no exad-glass-effect-no elementor-widget elementor-widget-text-editor\" data-id=\"67bb800\" data-element_type=\"widget\" data-widget_type=\"text-editor.default\">\n\t\t\t\t<div class=\"elementor-widget-container\">\n\t\t\t\t\t\t\t\t\t<p><b>6. Gew\u00e4hrleistung<br \/><\/b>a) Der Verk\u00e4ufer leistet nur dann Gew\u00e4hr, wenn die schriftliche<br \/>M\u00e4ngelr\u00fcge, bei sichtbaren M\u00e4ngeln innerhalb 14 Tagen nach<br \/>Erhalt der Ware, und bei unsichtbaren M\u00e4ngeln innerhalb 14<br \/>Tagen nach Kenntnisnahme, bei uns eingegangen ist.<br \/>b) Der K\u00e4ufer ist zur R\u00fccksendung der beanstandeten Ware nur<br \/>mit Zustimmung des Verk\u00e4ufers und nur unter \u00dcbernahme<br \/>der Versandkosten berechtigt.<br \/>c) Der Verk\u00e4ufer verpflichtet sich, berechtigt beanstandete<br \/>Waren nach seiner Wahl kostenlos in Stand zu setzen oder<br \/>auszutauschen.<br \/>d) Mengenabweichung und Ma\u00dfabweichungen im branchen\u00fcblichen<br \/>Rahmen stellen keinen Mangel dar.<br \/>e) Weitergehende Anspr\u00fcche des K\u00e4ufers, z. B. auf Wandlung,<br \/>Minderung oder Schadensersatz, insbesondere f\u00fcr mittelbare<br \/>Sch\u00e4den oder Folgesch\u00e4den oder solche aus positiver<br \/>Vertragsverletzung, sind ausgeschlossen, soweit dies<br \/>gesetzlich zul\u00e4ssig ist.<\/p><p><b>7. Lieferfristen<br \/><\/b>Die von uns genannten Lieferfristen sind unverbindlich. Die<br \/>Lieferfrist beginnt erst, wenn der Auftrag vollst\u00e4ndig gekl\u00e4rt<br \/>ist und wir alle zur Abwicklung des Auftrages erforderlichen<br \/>Angaben des Auftraggebers erhalten haben.<br \/>8. Annahmeverweigerung<br \/>a) Verweigert der K\u00e4ufer die Annahme, so wird der gesamte<br \/>Kaufpreis zur Zahlung f\u00e4llig, wenn die Ware kundenspezifisch<br \/>gefertigt wurde.<br \/>b) Handelt es sich um eine standardm\u00e4\u00dfige Lagerware, so werden<br \/>25% des Warenwertes der Sendung und die Versandkosten<br \/>f\u00e4llig.<br \/>c) Auslaufartikel und Restposten von Sonderanfertigungen sind<br \/>von der R\u00fcckgabe ausgeschlossen.<\/p><p><b>9. Stornierungen<br \/><\/b>a) Bei Stornierungen von standardm\u00e4\u00dfiger Lagerware werden<br \/>1% des Auftragswertes zur Zahlung f\u00e4llig.<br \/>b) Werden Bestellungen von kundenspezifisch gefertigter Ware<br \/>storniert, so sind die bis dahin angefallenen Kosten zu zahlen.<br \/>Dies gilt auch f\u00fcr erbrachte Leistungen der Vorlieferanten.<\/p><p><b>10. Zahlungen<br \/><\/b>a) Zahlung haben an uns spesenfrei zu erfolgen. Es gelten<br \/>grunds\u00e4tzlich die in der Rechnung ausgewiesenen Zahlungsziele.<br \/>Etwaige Warenbeanstandungen beeinflussen nicht die<br \/>F\u00e4lligkeit der Rechnung.<br \/>b) Skontoabz\u00fcge in nicht vereinbarter H\u00f6he haben die Teilbezahlung<br \/>der Rechnung zur Folge.<br \/>c) Mitarbeiterinnen und Mitarbeiter des Verk\u00e4ufers sind zur<br \/>Entgegennahme von Zahlungen nur berechtigt, wenn sie eine<br \/>schriftliche Inkassovollmacht vorweisen k\u00f6nnen.<br \/>d) Bei Zahlungsverzug werden, ohne weitere Mahnung,<br \/>Verzugszinsen in H\u00f6he von 6 % \u00fcber dem Diskontsatz der<br \/>Deutschen Bundesbank, jedoch mindestens 1% pro Monat<br \/>f\u00e4llig. Ein Aufrechnungs- oder Zur\u00fcckbehaltungsrecht steht<br \/>beiden Vertragsparteien nur insoweit zu, als die Gegenforderung<br \/>unbestritten ist oder ein rechtskr\u00e4ftig vollstreckbarer<br \/>Titel dar\u00fcber vorliegt.<\/p><p><b>11. Datenschutz<br \/><\/b>Wir bedienen uns der elektronischen Datenverarbeitung und<br \/>haben die zur rechtm\u00e4\u00dfigen Durchf\u00fchrung der vertraglichen<br \/>Beziehung erforderlichen Daten gespeichert.<\/p><p><b>12. Schlussbestimmungen<br \/><\/b>a) Zahlungs- und Erf\u00fcllungsort ist M\u00fcnchen. Ausschlie\u00dflicher<br \/>Gerichtsstand ist M\u00fcnchen. Dies gilt auch f\u00fcr Anspr\u00fcche aus<br \/>Schecks oder sonstigen Urkunden, selbst wenn diese an<br \/>anderen Orten zahlbar ausgestellt sind. Das deutsche materielle<br \/>Recht ist ausschlie\u00dflich anwendbar.<br \/>b) Auslandgesch\u00e4fte unterliegen deutschem Recht.<br \/>c) Die Unwirksamkeit einzelner Bestimmungen dieser allgemeinen<br \/>Gesch\u00e4fts- und Lieferbedingungen l\u00e4sst die Wirksamkeit<br \/>der \u00fcbrigen Bestimmungen unber\u00fchrt. Anstelle der<br \/>unwirksamen Bestimmungen tritt dann die Regelung, die ihr<br \/>wirtschaftlich am n\u00e4chsten kommt.<\/p>\t\t\t\t\t\t\t\t<\/div>\n\t\t\t\t<\/div>\n\t\t\t\t\t<\/div>\n\t\t<\/div>\n\t\t\t\t\t<\/div>\n\t\t<\/section>\n\t\t\t\t<\/div>","protected":false},"excerpt":{"rendered":"<p>Allgemeine Gesch\u00e4ftsbedingungen Pr\u00e4ambelAlle Lieferungen erfolgen grunds\u00e4tzlich nach unseren allgemeinenGesch\u00e4fts- und Lieferbedingungen. Abweichungen hiervonbed\u00fcrfen der Schriftform. 1. Allgemeine Gesch\u00e4ftsbedingungenUnsere Liefer- und Zahlungsbedingungen gelten f\u00fcr allegegenw\u00e4rtigen und zuk\u00fcnftigen Gesch\u00e4ftsbeziehungen zwischenLUWO-SEAL GmbH (im folgenden Verk\u00e4ufer genannt)und unseren Auftraggebern (im folgenden K\u00e4ufer genannt).Sie sind Bestandteil jedes von uns geschlossenen Vertrages. 2. Angebotea) Angebote sind 60 Tage g\u00fcltig.b) Unsere Angebote&hellip;&nbsp;<a href=\"https:\/\/luwo-seal.de\/en\/agb\/\" class=\"\" rel=\"bookmark\">Read More &raquo;<span class=\"screen-reader-text\">Terms and conditions<\/span><\/a><\/p>","protected":false},"author":1,"featured_media":0,"parent":0,"menu_order":0,"comment_status":"closed","ping_status":"closed","template":"page-templates\/template-pagebuilder-full-width.php","meta":{"neve_meta_sidebar":"","neve_meta_container":"","neve_meta_enable_content_width":"","neve_meta_content_width":0,"neve_meta_title_alignment":"","neve_meta_author_avatar":"","neve_post_elements_order":"","neve_meta_disable_header":"","neve_meta_disable_footer":"","neve_meta_disable_title":"","footnotes":""},"class_list":["post-3051","page","type-page","status-publish","hentry"],"yoast_head":"<!-- This site is optimized with the Yoast SEO plugin v26.1.1 - https:\/\/yoast.com\/wordpress\/plugins\/seo\/ -->\n<title>AGB | LuWo-Seal<\/title>\n<meta name=\"robots\" content=\"index, follow, max-snippet:-1, max-image-preview:large, max-video-preview:-1\" \/>\n<link rel=\"canonical\" href=\"https:\/\/luwo-seal.de\/en\/agb\/\" \/>\n<meta property=\"og:locale\" content=\"en_US\" \/>\n<meta property=\"og:type\" content=\"article\" \/>\n<meta property=\"og:title\" content=\"AGB | LuWo-Seal\" \/>\n<meta property=\"og:description\" content=\"Allgemeine Gesch\u00e4ftsbedingungen Pr\u00e4ambelAlle Lieferungen erfolgen grunds\u00e4tzlich nach unseren allgemeinenGesch\u00e4fts- und Lieferbedingungen. Abweichungen hiervonbed\u00fcrfen der Schriftform. 1. Allgemeine Gesch\u00e4ftsbedingungenUnsere Liefer- und Zahlungsbedingungen gelten f\u00fcr allegegenw\u00e4rtigen und zuk\u00fcnftigen Gesch\u00e4ftsbeziehungen zwischenLUWO-SEAL GmbH (im folgenden Verk\u00e4ufer genannt)und unseren Auftraggebern (im folgenden K\u00e4ufer genannt).Sie sind Bestandteil jedes von uns geschlossenen Vertrages. 2. Angebotea) Angebote sind 60 Tage g\u00fcltig.b) Unsere Angebote&hellip;&nbsp;Read More &raquo;AGB\" \/>\n<meta property=\"og:url\" content=\"https:\/\/luwo-seal.de\/en\/agb\/\" \/>\n<meta property=\"og:site_name\" content=\"LuWo-Seal\" \/>\n<meta property=\"article:publisher\" content=\"https:\/\/www.facebook.com\/luwoseal\/\" \/>\n<meta property=\"article:modified_time\" content=\"2025-01-31T08:57:04+00:00\" \/>\n<meta property=\"og:image\" content=\"https:\/\/luwo-seal.de\/wp-content\/uploads\/2022\/11\/Design-ohne-Titel-13.png\" \/>\n\t<meta property=\"og:image:width\" content=\"1080\" \/>\n\t<meta property=\"og:image:height\" content=\"1080\" \/>\n\t<meta property=\"og:image:type\" content=\"image\/png\" \/>\n<meta name=\"twitter:card\" content=\"summary_large_image\" \/>\n<meta name=\"twitter:label1\" content=\"Est. reading time\" \/>\n\t<meta name=\"twitter:data1\" content=\"5 minutes\" \/>\n<script type=\"application\/ld+json\" class=\"yoast-schema-graph\">{\"@context\":\"https:\/\/schema.org\",\"@graph\":[{\"@type\":\"WebPage\",\"@id\":\"https:\/\/luwo-seal.de\/agb\/\",\"url\":\"https:\/\/luwo-seal.de\/agb\/\",\"name\":\"AGB | LuWo-Seal\",\"isPartOf\":{\"@id\":\"https:\/\/luwo-seal.de\/#website\"},\"datePublished\":\"2023-01-19T12:51:52+00:00\",\"dateModified\":\"2025-01-31T08:57:04+00:00\",\"breadcrumb\":{\"@id\":\"https:\/\/luwo-seal.de\/agb\/#breadcrumb\"},\"inLanguage\":\"en-US\",\"potentialAction\":[{\"@type\":\"ReadAction\",\"target\":[\"https:\/\/luwo-seal.de\/agb\/\"]}]},{\"@type\":\"BreadcrumbList\",\"@id\":\"https:\/\/luwo-seal.de\/agb\/#breadcrumb\",\"itemListElement\":[{\"@type\":\"ListItem\",\"position\":1,\"name\":\"Startseite\",\"item\":\"https:\/\/luwo-seal.de\/\"},{\"@type\":\"ListItem\",\"position\":2,\"name\":\"AGB\"}]},{\"@type\":\"WebSite\",\"@id\":\"https:\/\/luwo-seal.de\/#website\",\"url\":\"https:\/\/luwo-seal.de\/\",\"name\":\"LuWo-Seal\",\"description\":\"Experten f\u00fcr Gleitringdichtungen\",\"publisher\":{\"@id\":\"https:\/\/luwo-seal.de\/#organization\"},\"potentialAction\":[{\"@type\":\"SearchAction\",\"target\":{\"@type\":\"EntryPoint\",\"urlTemplate\":\"https:\/\/luwo-seal.de\/?s={search_term_string}\"},\"query-input\":{\"@type\":\"PropertyValueSpecification\",\"valueRequired\":true,\"valueName\":\"search_term_string\"}}],\"inLanguage\":\"en-US\"},{\"@type\":\"Organization\",\"@id\":\"https:\/\/luwo-seal.de\/#organization\",\"name\":\"LuWo-Seal Dichtungstechnik GmbH\",\"url\":\"https:\/\/luwo-seal.de\/\",\"logo\":{\"@type\":\"ImageObject\",\"inLanguage\":\"en-US\",\"@id\":\"https:\/\/luwo-seal.de\/#\/schema\/logo\/image\/\",\"url\":\"https:\/\/luwo-seal.de\/wp-content\/uploads\/2022\/10\/Design-ohne-Titel-24.png\",\"contentUrl\":\"https:\/\/luwo-seal.de\/wp-content\/uploads\/2022\/10\/Design-ohne-Titel-24.png\",\"width\":500,\"height\":500,\"caption\":\"LuWo-Seal Dichtungstechnik GmbH\"},\"image\":{\"@id\":\"https:\/\/luwo-seal.de\/#\/schema\/logo\/image\/\"},\"sameAs\":[\"https:\/\/www.facebook.com\/luwoseal\/\",\"https:\/\/www.instagram.com\/luwoseal\/?hl=de\",\"https:\/\/www.linkedin.com\/company\/7344963\/admin\/\",\"https:\/\/www.xing.com\/pages\/luwo-seal-dichtungstechnik-gmbh\"]}]}<\/script>\n<!-- \/ Yoast SEO plugin. -->","yoast_head_json":{"title":"AGB | LuWo-Seal","robots":{"index":"index","follow":"follow","max-snippet":"max-snippet:-1","max-image-preview":"max-image-preview:large","max-video-preview":"max-video-preview:-1"},"canonical":"https:\/\/luwo-seal.de\/en\/agb\/","og_locale":"en_US","og_type":"article","og_title":"AGB | LuWo-Seal","og_description":"Allgemeine Gesch\u00e4ftsbedingungen Pr\u00e4ambelAlle Lieferungen erfolgen grunds\u00e4tzlich nach unseren allgemeinenGesch\u00e4fts- und Lieferbedingungen. Abweichungen hiervonbed\u00fcrfen der Schriftform. 1. Allgemeine Gesch\u00e4ftsbedingungenUnsere Liefer- und Zahlungsbedingungen gelten f\u00fcr allegegenw\u00e4rtigen und zuk\u00fcnftigen Gesch\u00e4ftsbeziehungen zwischenLUWO-SEAL GmbH (im folgenden Verk\u00e4ufer genannt)und unseren Auftraggebern (im folgenden K\u00e4ufer genannt).Sie sind Bestandteil jedes von uns geschlossenen Vertrages. 2. Angebotea) Angebote sind 60 Tage g\u00fcltig.b) Unsere Angebote&hellip;&nbsp;Read More &raquo;AGB","og_url":"https:\/\/luwo-seal.de\/en\/agb\/","og_site_name":"LuWo-Seal","article_publisher":"https:\/\/www.facebook.com\/luwoseal\/","article_modified_time":"2025-01-31T08:57:04+00:00","og_image":[{"width":1080,"height":1080,"url":"https:\/\/luwo-seal.de\/wp-content\/uploads\/2022\/11\/Design-ohne-Titel-13.png","type":"image\/png"}],"twitter_card":"summary_large_image","twitter_misc":{"Est. reading time":"5 minutes"},"schema":{"@context":"https:\/\/schema.org","@graph":[{"@type":"WebPage","@id":"https:\/\/luwo-seal.de\/agb\/","url":"https:\/\/luwo-seal.de\/agb\/","name":"AGB | LuWo-Seal","isPartOf":{"@id":"https:\/\/luwo-seal.de\/#website"},"datePublished":"2023-01-19T12:51:52+00:00","dateModified":"2025-01-31T08:57:04+00:00","breadcrumb":{"@id":"https:\/\/luwo-seal.de\/agb\/#breadcrumb"},"inLanguage":"en-US","potentialAction":[{"@type":"ReadAction","target":["https:\/\/luwo-seal.de\/agb\/"]}]},{"@type":"BreadcrumbList","@id":"https:\/\/luwo-seal.de\/agb\/#breadcrumb","itemListElement":[{"@type":"ListItem","position":1,"name":"Startseite","item":"https:\/\/luwo-seal.de\/"},{"@type":"ListItem","position":2,"name":"AGB"}]},{"@type":"WebSite","@id":"https:\/\/luwo-seal.de\/#website","url":"https:\/\/luwo-seal.de\/","name":"LuWo-Seal","description":"Mechanical seal experts","publisher":{"@id":"https:\/\/luwo-seal.de\/#organization"},"potentialAction":[{"@type":"SearchAction","target":{"@type":"EntryPoint","urlTemplate":"https:\/\/luwo-seal.de\/?s={search_term_string}"},"query-input":{"@type":"PropertyValueSpecification","valueRequired":true,"valueName":"search_term_string"}}],"inLanguage":"en-US"},{"@type":"Organization","@id":"https:\/\/luwo-seal.de\/#organization","name":"LuWo-Seal Dichtungstechnik GmbH","url":"https:\/\/luwo-seal.de\/","logo":{"@type":"ImageObject","inLanguage":"en-US","@id":"https:\/\/luwo-seal.de\/#\/schema\/logo\/image\/","url":"https:\/\/luwo-seal.de\/wp-content\/uploads\/2022\/10\/Design-ohne-Titel-24.png","contentUrl":"https:\/\/luwo-seal.de\/wp-content\/uploads\/2022\/10\/Design-ohne-Titel-24.png","width":500,"height":500,"caption":"LuWo-Seal Dichtungstechnik GmbH"},"image":{"@id":"https:\/\/luwo-seal.de\/#\/schema\/logo\/image\/"},"sameAs":["https:\/\/www.facebook.com\/luwoseal\/","https:\/\/www.instagram.com\/luwoseal\/?hl=de","https:\/\/www.linkedin.com\/company\/7344963\/admin\/","https:\/\/www.xing.com\/pages\/luwo-seal-dichtungstechnik-gmbh"]}]}},"_links":{"self":[{"href":"https:\/\/luwo-seal.de\/en\/wp-json\/wp\/v2\/pages\/3051","targetHints":{"allow":["GET"]}}],"collection":[{"href":"https:\/\/luwo-seal.de\/en\/wp-json\/wp\/v2\/pages"}],"about":[{"href":"https:\/\/luwo-seal.de\/en\/wp-json\/wp\/v2\/types\/page"}],"author":[{"embeddable":true,"href":"https:\/\/luwo-seal.de\/en\/wp-json\/wp\/v2\/users\/1"}],"replies":[{"embeddable":true,"href":"https:\/\/luwo-seal.de\/en\/wp-json\/wp\/v2\/comments?post=3051"}],"version-history":[{"count":0,"href":"https:\/\/luwo-seal.de\/en\/wp-json\/wp\/v2\/pages\/3051\/revisions"}],"wp:attachment":[{"href":"https:\/\/luwo-seal.de\/en\/wp-json\/wp\/v2\/media?parent=3051"}],"curies":[{"name":"wp","href":"https:\/\/api.w.org\/{rel}","templated":true}]}}