{"id":3036,"date":"2023-01-19T12:17:17","date_gmt":"2023-01-19T11:17:17","guid":{"rendered":"https:\/\/luwo-seal.de\/?page_id=3036"},"modified":"2026-04-19T22:20:57","modified_gmt":"2026-04-19T20:20:57","slug":"impressum","status":"publish","type":"page","link":"https:\/\/luwo-seal.de\/en\/impressum\/","title":{"rendered":"Imprint"},"content":{"rendered":"<div data-elementor-type=\"wp-page\" data-elementor-id=\"3036\" class=\"elementor elementor-3036\">\n\t\t\t\t\t\t<section class=\"elementor-section elementor-top-section elementor-element elementor-element-cf8d7d7 elementor-section-boxed elementor-section-height-default elementor-section-height-default exad-glass-effect-no exad-sticky-section-no\" data-id=\"cf8d7d7\" data-element_type=\"section\">\n\t\t\t\t\t\t<div class=\"elementor-container elementor-column-gap-default\">\n\t\t\t\t\t<div class=\"elementor-column elementor-col-100 elementor-top-column elementor-element elementor-element-e632cc8 exad-glass-effect-no exad-sticky-section-no\" data-id=\"e632cc8\" data-element_type=\"column\">\n\t\t\t<div class=\"elementor-widget-wrap elementor-element-populated\">\n\t\t\t\t\t\t<div class=\"elementor-element elementor-element-aa20252 elementor-widget-mobile__width-auto elementor-widget__width-auto exad-sticky-section-no exad-glass-effect-no elementor-widget elementor-widget-heading\" data-id=\"aa20252\" data-element_type=\"widget\" data-settings=\"{&quot;_animation&quot;:&quot;none&quot;}\" data-widget_type=\"heading.default\">\n\t\t\t\t<div class=\"elementor-widget-container\">\n\t\t\t\t\t<h2 class=\"elementor-heading-title elementor-size-default\">Imprint<\/h2>\t\t\t\t<\/div>\n\t\t\t\t<\/div>\n\t\t\t\t\t<\/div>\n\t\t<\/div>\n\t\t\t\t\t<\/div>\n\t\t<\/section>\n\t\t\t\t<section class=\"elementor-section elementor-top-section elementor-element elementor-element-912abb5 elementor-section-boxed elementor-section-height-default elementor-section-height-default exad-glass-effect-no exad-sticky-section-no\" data-id=\"912abb5\" data-element_type=\"section\">\n\t\t\t\t\t\t<div class=\"elementor-container elementor-column-gap-default\">\n\t\t\t\t\t<div class=\"elementor-column elementor-col-100 elementor-top-column elementor-element elementor-element-fd1822e exad-glass-effect-no exad-sticky-section-no\" data-id=\"fd1822e\" data-element_type=\"column\">\n\t\t\t<div class=\"elementor-widget-wrap elementor-element-populated\">\n\t\t\t\t\t\t<div class=\"elementor-element elementor-element-b4fdeec exad-sticky-section-no exad-glass-effect-no elementor-widget elementor-widget-text-editor\" data-id=\"b4fdeec\" data-element_type=\"widget\" data-widget_type=\"text-editor.default\">\n\t\t\t\t<div class=\"elementor-widget-container\">\n\t\t\t\t\t\t\t\t\t<div><div><p><b>LuWo-Seal Dichtungstechnik GmbH<br \/><\/b>Langwieder Hauptstra\u00dfe 2\u20134<br \/>81249 Munich<\/p><\/div><div><p><b>Gesellschafter:<br \/><\/b>Tanja Gifford, Dario Gifford, Markko Gifford<\/p><\/div><div><p><b>Contact us<\/b>:<br \/>Telefon: +49 8945 20 940-0<br \/>E-Mail: info@luwo-seal.de<\/p><\/div><div><p><b>Registereintrag:<br \/><\/b>Eintragung im Handelsregister. Registergericht: Amtsgericht M\u00fcnchen, Registernummer: HRB 83440<\/p><\/div><div><b>Umsatzsteuer:<br \/><\/b>Umsatzsteuer-Identifikationsnummer gem\u00e4\u00df \u00a727 a Umsatzsteuergesetz: DE129405837<\/div><div>\u00a0<\/div><p><b>Streitschlichtung<br \/><\/b>Die Europ\u00e4ische Kommission stellt eine Plattform zur Online-Streitbeilegung (OS) bereit:\u00a0<a href=\"http:\/\/ec.europa.eu\/consumers\/odr\">http:\/\/ec.europa.eu\/consumers\/odr<\/a><br \/>Unsere E-Mail- Adresse finden Sie oben im Impressum.<\/p><\/div><div><p>Wir sind nicht bereit oder verpflichtet, an Streitbeilegungsverfahren vor einer Verbraucherschlichtungsstelle teilzunehmen.<\/p><\/div><div><b>Haftung f\u00fcr Inhalte<br \/><\/b>Als Diensteanbieter sind wir gem\u00e4\u00df \u00a7 7 Abs.1 TMG f\u00fcr eigene Inhalte auf diesen Seiten nach den allgemeinen Gesetzen verantwortlich. Nach \u00a7\u00a7 8 bis 10 TMG sind wir als Diensteanbieter jedoch nicht verpflichtet, \u00fcbermittelte oder gespeicherte fremde Informationen zu \u00fcberwachen oder nach Umst\u00e4nden zu forschen, die auf eine rechtswidrige T\u00e4tigkeit hinweisen.<\/div><div><p>Verpflichtungen zur Entfernung oder Sperrung der Nutzung von Informationen nach den allgemeinen Gesetzen bleiben hiervon unber\u00fchrt. Eine diesbez\u00fcgliche Haftung ist jedoch erst ab dem Zeitpunkt der Kenntnis einer konkreten Rechtsverletzung m\u00f6glich. Bei Bekanntwerden von entsprechenden Rechtsverletzungen werden wir diese Inhalte umgehend entfernen.<\/p><\/div><div><p><b>Haftung f\u00fcr Links<br \/><\/b>Unser Angebot enth\u00e4lt Links zu externen Webseiten Dritter, auf deren Inhalte wir keinen Einfluss haben. Deshalb k\u00f6nnen wir f\u00fcr diese fremden Inhalte auch keine Gew\u00e4hr \u00fcbernehmen. F\u00fcr die Inhalte der verlinkten Seiten ist stets der jeweilige Anbieter oder Betreiber der Seiten verantwortlich. Die verlinkten Seiten wurden zum Zeitpunkt der Verlinkung auf m\u00f6gliche Rechtsverst\u00f6\u00dfe \u00fcberpr\u00fcft. Rechtswidrige Inhalte waren zum Zeitpunkt der Verlinkung nicht erkennbar.<\/p><\/div><div><p>Eine permanente inhaltliche Kontrolle der verlinkten Seiten ist jedoch ohne konkrete Anhaltspunkte einer Rechtsverletzung nicht zumutbar. Bei Bekanntwerden von Rechtsverletzungen werden wir derartige Links umgehend entfernen.<\/p><\/div><div><p><b>Urheberrecht<\/b><br \/>Die durch die Seitenbetreiber erstellten Inhalte und Werke auf diesen Seiten unterliegen dem deutschen Urheberrecht. Die Vervielf\u00e4ltigung, Bearbeitung, Verbreitung und jede Art der Verwertung au\u00dferhalb der Grenzen des Urheberrechtes bed\u00fcrfen der schriftlichen Zustimmung des jeweiligen Autors bzw. Erstellers. Downloads und Kopien dieser Seite sind nur f\u00fcr den privaten, nicht kommerziellen Gebrauch gestattet.<\/p><\/div><div>Soweit die Inhalte auf dieser Seite nicht vom Betreiber erstellt wurden, werden die Urheberrechte Dritter beachtet. Insbesondere werden Inhalte Dritter als solche gekennzeichnet. Sollten Sie trotzdem auf eine Urheberrechtsverletzung aufmerksam werden, bitten wir um einen entsprechenden Hinweis. Bei Bekanntwerden von Rechtsverletzungen werden wir derartige Inhalte umgehend entfernen.<\/div>\t\t\t\t\t\t\t\t<\/div>\n\t\t\t\t<\/div>\n\t\t\t\t\t<\/div>\n\t\t<\/div>\n\t\t\t\t\t<\/div>\n\t\t<\/section>\n\t\t\t\t<\/div>","protected":false},"excerpt":{"rendered":"<p>IMPRESSUM LuWo-Seal Dichtungstechnik GmbHLangwieder Hauptstra\u00dfe 2\u2013481249 M\u00fcnchen Gesellschafter:Tanja Gifford, Dario Gifford, Markko Gifford Kontakt:Telefon: +49 8945 20 940-0E-Mail: info@luwo-seal.de Registereintrag:Eintragung im Handelsregister. Registergericht: Amtsgericht M\u00fcnchen, Registernummer: HRB 83440 Umsatzsteuer:Umsatzsteuer-Identifikationsnummer gem\u00e4\u00df \u00a727 a Umsatzsteuergesetz: DE129405837\u00a0 StreitschlichtungDie Europ\u00e4ische Kommission stellt eine Plattform zur Online-Streitbeilegung (OS) bereit:\u00a0http:\/\/ec.europa.eu\/consumers\/odrUnsere E-Mail- Adresse finden Sie oben im Impressum. Wir sind nicht bereit&hellip;&nbsp;<a href=\"https:\/\/luwo-seal.de\/en\/impressum\/\" class=\"\" rel=\"bookmark\">Read More &raquo;<span class=\"screen-reader-text\">Imprint<\/span><\/a><\/p>","protected":false},"author":1,"featured_media":0,"parent":0,"menu_order":0,"comment_status":"closed","ping_status":"closed","template":"page-templates\/template-pagebuilder-full-width.php","meta":{"neve_meta_sidebar":"","neve_meta_container":"","neve_meta_enable_content_width":"","neve_meta_content_width":0,"neve_meta_title_alignment":"","neve_meta_author_avatar":"","neve_post_elements_order":"","neve_meta_disable_header":"","neve_meta_disable_footer":"","neve_meta_disable_title":"","footnotes":""},"class_list":["post-3036","page","type-page","status-publish","hentry"],"yoast_head":"<!-- This site is optimized with the Yoast SEO plugin v26.1.1 - https:\/\/yoast.com\/wordpress\/plugins\/seo\/ -->\n<title>Impressum | LuWo-Seal<\/title>\n<meta name=\"robots\" content=\"noindex, follow\" \/>\n<meta property=\"og:locale\" content=\"en_US\" \/>\n<meta property=\"og:type\" content=\"article\" \/>\n<meta property=\"og:title\" content=\"Impressum | LuWo-Seal\" \/>\n<meta property=\"og:description\" content=\"IMPRESSUM LuWo-Seal Dichtungstechnik GmbHLangwieder Hauptstra\u00dfe 2\u2013481249 M\u00fcnchen Gesellschafter:Tanja Gifford, Dario Gifford, Markko Gifford Kontakt:Telefon: +49 8945 20 940-0E-Mail: info@luwo-seal.de Registereintrag:Eintragung im Handelsregister. Registergericht: Amtsgericht M\u00fcnchen, Registernummer: HRB 83440 Umsatzsteuer:Umsatzsteuer-Identifikationsnummer gem\u00e4\u00df \u00a727 a Umsatzsteuergesetz: DE129405837\u00a0 StreitschlichtungDie Europ\u00e4ische Kommission stellt eine Plattform zur Online-Streitbeilegung (OS) bereit:\u00a0http:\/\/ec.europa.eu\/consumers\/odrUnsere E-Mail- Adresse finden Sie oben im Impressum. Wir sind nicht bereit&hellip;&nbsp;Read More &raquo;Impressum\" \/>\n<meta property=\"og:url\" content=\"https:\/\/luwo-seal.de\/en\/impressum\/\" \/>\n<meta property=\"og:site_name\" content=\"LuWo-Seal\" \/>\n<meta property=\"article:publisher\" content=\"https:\/\/www.facebook.com\/luwoseal\/\" \/>\n<meta property=\"article:modified_time\" content=\"2026-04-19T20:20:57+00:00\" \/>\n<meta property=\"og:image\" content=\"https:\/\/luwo-seal.de\/wp-content\/uploads\/2022\/11\/Design-ohne-Titel-13.png\" \/>\n\t<meta property=\"og:image:width\" content=\"1080\" \/>\n\t<meta property=\"og:image:height\" content=\"1080\" \/>\n\t<meta property=\"og:image:type\" content=\"image\/png\" \/>\n<meta name=\"twitter:card\" content=\"summary_large_image\" \/>\n<meta name=\"twitter:label1\" content=\"Est. reading time\" \/>\n\t<meta name=\"twitter:data1\" content=\"3 minutes\" \/>\n<script type=\"application\/ld+json\" class=\"yoast-schema-graph\">{\"@context\":\"https:\/\/schema.org\",\"@graph\":[{\"@type\":\"WebPage\",\"@id\":\"https:\/\/luwo-seal.de\/impressum\/\",\"url\":\"https:\/\/luwo-seal.de\/impressum\/\",\"name\":\"Impressum | LuWo-Seal\",\"isPartOf\":{\"@id\":\"https:\/\/luwo-seal.de\/#website\"},\"datePublished\":\"2023-01-19T11:17:17+00:00\",\"dateModified\":\"2026-04-19T20:20:57+00:00\",\"breadcrumb\":{\"@id\":\"https:\/\/luwo-seal.de\/impressum\/#breadcrumb\"},\"inLanguage\":\"en-US\",\"potentialAction\":[{\"@type\":\"ReadAction\",\"target\":[\"https:\/\/luwo-seal.de\/impressum\/\"]}]},{\"@type\":\"BreadcrumbList\",\"@id\":\"https:\/\/luwo-seal.de\/impressum\/#breadcrumb\",\"itemListElement\":[{\"@type\":\"ListItem\",\"position\":1,\"name\":\"Startseite\",\"item\":\"https:\/\/luwo-seal.de\/\"},{\"@type\":\"ListItem\",\"position\":2,\"name\":\"Impressum\"}]},{\"@type\":\"WebSite\",\"@id\":\"https:\/\/luwo-seal.de\/#website\",\"url\":\"https:\/\/luwo-seal.de\/\",\"name\":\"LuWo-Seal\",\"description\":\"Experten f\u00fcr Gleitringdichtungen\",\"publisher\":{\"@id\":\"https:\/\/luwo-seal.de\/#organization\"},\"potentialAction\":[{\"@type\":\"SearchAction\",\"target\":{\"@type\":\"EntryPoint\",\"urlTemplate\":\"https:\/\/luwo-seal.de\/?s={search_term_string}\"},\"query-input\":{\"@type\":\"PropertyValueSpecification\",\"valueRequired\":true,\"valueName\":\"search_term_string\"}}],\"inLanguage\":\"en-US\"},{\"@type\":\"Organization\",\"@id\":\"https:\/\/luwo-seal.de\/#organization\",\"name\":\"LuWo-Seal Dichtungstechnik GmbH\",\"url\":\"https:\/\/luwo-seal.de\/\",\"logo\":{\"@type\":\"ImageObject\",\"inLanguage\":\"en-US\",\"@id\":\"https:\/\/luwo-seal.de\/#\/schema\/logo\/image\/\",\"url\":\"https:\/\/luwo-seal.de\/wp-content\/uploads\/2022\/10\/Design-ohne-Titel-24.png\",\"contentUrl\":\"https:\/\/luwo-seal.de\/wp-content\/uploads\/2022\/10\/Design-ohne-Titel-24.png\",\"width\":500,\"height\":500,\"caption\":\"LuWo-Seal Dichtungstechnik GmbH\"},\"image\":{\"@id\":\"https:\/\/luwo-seal.de\/#\/schema\/logo\/image\/\"},\"sameAs\":[\"https:\/\/www.facebook.com\/luwoseal\/\",\"https:\/\/www.instagram.com\/luwoseal\/?hl=de\",\"https:\/\/www.linkedin.com\/company\/7344963\/admin\/\",\"https:\/\/www.xing.com\/pages\/luwo-seal-dichtungstechnik-gmbh\"]}]}<\/script>\n<!-- \/ Yoast SEO plugin. -->","yoast_head_json":{"title":"Impressum | LuWo-Seal","robots":{"index":"noindex","follow":"follow"},"og_locale":"en_US","og_type":"article","og_title":"Impressum | LuWo-Seal","og_description":"IMPRESSUM LuWo-Seal Dichtungstechnik GmbHLangwieder Hauptstra\u00dfe 2\u2013481249 M\u00fcnchen Gesellschafter:Tanja Gifford, Dario Gifford, Markko Gifford Kontakt:Telefon: +49 8945 20 940-0E-Mail: info@luwo-seal.de Registereintrag:Eintragung im Handelsregister. Registergericht: Amtsgericht M\u00fcnchen, Registernummer: HRB 83440 Umsatzsteuer:Umsatzsteuer-Identifikationsnummer gem\u00e4\u00df \u00a727 a Umsatzsteuergesetz: DE129405837\u00a0 StreitschlichtungDie Europ\u00e4ische Kommission stellt eine Plattform zur Online-Streitbeilegung (OS) bereit:\u00a0http:\/\/ec.europa.eu\/consumers\/odrUnsere E-Mail- Adresse finden Sie oben im Impressum. Wir sind nicht bereit&hellip;&nbsp;Read More &raquo;Impressum","og_url":"https:\/\/luwo-seal.de\/en\/impressum\/","og_site_name":"LuWo-Seal","article_publisher":"https:\/\/www.facebook.com\/luwoseal\/","article_modified_time":"2026-04-19T20:20:57+00:00","og_image":[{"width":1080,"height":1080,"url":"https:\/\/luwo-seal.de\/wp-content\/uploads\/2022\/11\/Design-ohne-Titel-13.png","type":"image\/png"}],"twitter_card":"summary_large_image","twitter_misc":{"Est. reading time":"3 minutes"},"schema":{"@context":"https:\/\/schema.org","@graph":[{"@type":"WebPage","@id":"https:\/\/luwo-seal.de\/impressum\/","url":"https:\/\/luwo-seal.de\/impressum\/","name":"Impressum | LuWo-Seal","isPartOf":{"@id":"https:\/\/luwo-seal.de\/#website"},"datePublished":"2023-01-19T11:17:17+00:00","dateModified":"2026-04-19T20:20:57+00:00","breadcrumb":{"@id":"https:\/\/luwo-seal.de\/impressum\/#breadcrumb"},"inLanguage":"en-US","potentialAction":[{"@type":"ReadAction","target":["https:\/\/luwo-seal.de\/impressum\/"]}]},{"@type":"BreadcrumbList","@id":"https:\/\/luwo-seal.de\/impressum\/#breadcrumb","itemListElement":[{"@type":"ListItem","position":1,"name":"Startseite","item":"https:\/\/luwo-seal.de\/"},{"@type":"ListItem","position":2,"name":"Impressum"}]},{"@type":"WebSite","@id":"https:\/\/luwo-seal.de\/#website","url":"https:\/\/luwo-seal.de\/","name":"LuWo-Seal","description":"Mechanical seal experts","publisher":{"@id":"https:\/\/luwo-seal.de\/#organization"},"potentialAction":[{"@type":"SearchAction","target":{"@type":"EntryPoint","urlTemplate":"https:\/\/luwo-seal.de\/?s={search_term_string}"},"query-input":{"@type":"PropertyValueSpecification","valueRequired":true,"valueName":"search_term_string"}}],"inLanguage":"en-US"},{"@type":"Organization","@id":"https:\/\/luwo-seal.de\/#organization","name":"LuWo-Seal Dichtungstechnik GmbH","url":"https:\/\/luwo-seal.de\/","logo":{"@type":"ImageObject","inLanguage":"en-US","@id":"https:\/\/luwo-seal.de\/#\/schema\/logo\/image\/","url":"https:\/\/luwo-seal.de\/wp-content\/uploads\/2022\/10\/Design-ohne-Titel-24.png","contentUrl":"https:\/\/luwo-seal.de\/wp-content\/uploads\/2022\/10\/Design-ohne-Titel-24.png","width":500,"height":500,"caption":"LuWo-Seal Dichtungstechnik GmbH"},"image":{"@id":"https:\/\/luwo-seal.de\/#\/schema\/logo\/image\/"},"sameAs":["https:\/\/www.facebook.com\/luwoseal\/","https:\/\/www.instagram.com\/luwoseal\/?hl=de","https:\/\/www.linkedin.com\/company\/7344963\/admin\/","https:\/\/www.xing.com\/pages\/luwo-seal-dichtungstechnik-gmbh"]}]}},"_links":{"self":[{"href":"https:\/\/luwo-seal.de\/en\/wp-json\/wp\/v2\/pages\/3036","targetHints":{"allow":["GET"]}}],"collection":[{"href":"https:\/\/luwo-seal.de\/en\/wp-json\/wp\/v2\/pages"}],"about":[{"href":"https:\/\/luwo-seal.de\/en\/wp-json\/wp\/v2\/types\/page"}],"author":[{"embeddable":true,"href":"https:\/\/luwo-seal.de\/en\/wp-json\/wp\/v2\/users\/1"}],"replies":[{"embeddable":true,"href":"https:\/\/luwo-seal.de\/en\/wp-json\/wp\/v2\/comments?post=3036"}],"version-history":[{"count":0,"href":"https:\/\/luwo-seal.de\/en\/wp-json\/wp\/v2\/pages\/3036\/revisions"}],"wp:attachment":[{"href":"https:\/\/luwo-seal.de\/en\/wp-json\/wp\/v2\/media?parent=3036"}],"curies":[{"name":"wp","href":"https:\/\/api.w.org\/{rel}","templated":true}]}}